{"id":10,"date":"2026-02-10T17:54:34","date_gmt":"2026-02-10T17:54:34","guid":{"rendered":"https:\/\/lucidosbilbo.rkinformatika.online\/?page_id=10"},"modified":"2026-02-11T16:26:43","modified_gmt":"2026-02-11T16:26:43","slug":"inicio","status":"publish","type":"page","link":"https:\/\/lucidosbilbo.com\/eu\/","title":{"rendered":"Hasiera"},"content":{"rendered":"<div data-elementor-type=\"wp-page\" data-elementor-id=\"10\" class=\"elementor elementor-10\" data-elementor-post-type=\"page\">\n\t\t\t\t<div class=\"elementor-element elementor-element-98521e6 animated-slow e-flex e-con-boxed elementor-invisible e-con e-parent\" data-id=\"98521e6\" data-element_type=\"container\" data-e-type=\"container\" data-settings=\"{&quot;background_background&quot;:&quot;classic&quot;,&quot;animation&quot;:&quot;fadeIn&quot;}\">\n\t\t\t\t\t<div class=\"e-con-inner\">\n\t\t\t\t\t<\/div>\n\t\t\t\t<\/div>\n\t\t<div class=\"elementor-element elementor-element-2fb91b8 e-flex e-con-boxed e-con e-parent\" data-id=\"2fb91b8\" data-element_type=\"container\" data-e-type=\"container\">\n\t\t\t\t\t<div class=\"e-con-inner\">\n\t\t<div class=\"elementor-element elementor-element-73fb419 e-con-full animated-slow e-flex elementor-invisible e-con e-child\" data-id=\"73fb419\" data-element_type=\"container\" data-e-type=\"container\" data-settings=\"{&quot;animation&quot;:&quot;fadeInLeft&quot;}\">\n\t\t\t\t<div class=\"elementor-element elementor-element-98b30a1 elementor-widget elementor-widget-heading\" data-id=\"98b30a1\" data-element_type=\"widget\" data-e-type=\"widget\" data-widget_type=\"heading.default\">\n\t\t\t\t\t<h2 class=\"elementor-heading-title elementor-size-default\">Zertan aritzen gara:<\/h2>\t\t\t\t<\/div>\n\t\t\t\t<div class=\"elementor-element elementor-element-ab4f3ba elementor-widget elementor-widget-text-editor\" data-id=\"ab4f3ba\" data-element_type=\"widget\" data-e-type=\"widget\" data-widget_type=\"text-editor.default\">\n\t\t\t\t\t\t\t\t\t<p>L\u00facidos y Pinturas Bilbo pladur junturen tratamenduan, hormen leuntzean, gotelea kentzean eta barruko pinturan espezializatzen da, eta akabera garbiak, iraunkorrak eta estetikoki zainduak eskaintzen ditu etxebizitza eta lokal komertzialetarako.<\/p>\t\t\t\t\t\t\t\t<\/div>\n\t\t\t\t<\/div>\n\t\t<div class=\"elementor-element elementor-element-85ce3db e-con-full animated-slow e-flex elementor-invisible e-con e-child\" data-id=\"85ce3db\" data-element_type=\"container\" data-e-type=\"container\" data-settings=\"{&quot;animation&quot;:&quot;fadeInRight&quot;}\">\n\t\t\t\t<div class=\"elementor-element elementor-element-8c6ff95 elementor-widget elementor-widget-heading\" data-id=\"8c6ff95\" data-element_type=\"widget\" data-e-type=\"widget\" data-widget_type=\"heading.default\">\n\t\t\t\t\t<h2 class=\"elementor-heading-title elementor-size-default\">Gure historia:<\/h2>\t\t\t\t<\/div>\n\t\t\t\t<div class=\"elementor-element elementor-element-cf215df elementor-widget elementor-widget-text-editor\" data-id=\"cf215df\" data-element_type=\"widget\" data-e-type=\"widget\" data-widget_type=\"text-editor.default\">\n\t\t\t\t\t\t\t\t\t<p>2023an Barakaldon sortua, Lucidos y Pinturas Bilbo bezero bakoitzaren beharretara egokitutako kalitate handiko akaberak emateko helburuarekin sortu zen. Lehen mailako materialekin eta teknika profesionalekin lan egiten dugu, eta emaitza ezin hobeak bermatzen ditugu, bai obra berrietan, bai erreformetan.<br \/>Nuestro enfoque se basa en la seriedad, el cuidado del detalle y el cumplimiento de los plazos, tratando cada proyecto como si fuera propio.<\/p>\t\t\t\t\t\t\t\t<\/div>\n\t\t\t\t<\/div>\n\t\t<div class=\"elementor-element elementor-element-6182352 e-con-full animated-slow e-flex elementor-invisible e-con e-child\" data-id=\"6182352\" data-element_type=\"container\" data-e-type=\"container\" data-settings=\"{&quot;animation&quot;:&quot;fadeInUp&quot;}\">\n\t\t\t\t<div class=\"elementor-element elementor-element-7e1bc99 elementor-widget elementor-widget-heading\" data-id=\"7e1bc99\" data-element_type=\"widget\" data-e-type=\"widget\" data-widget_type=\"heading.default\">\n\t\t\t\t\t<h2 class=\"elementor-heading-title elementor-size-default\">Konpromisoa:<\/h2>\t\t\t\t<\/div>\n\t\t\t\t<div class=\"elementor-element elementor-element-f2643db elementor-widget elementor-widget-text-editor\" data-id=\"f2643db\" data-element_type=\"widget\" data-e-type=\"widget\" data-widget_type=\"text-editor.default\">\n\t\t\t\t\t\t\t\t\t<p>Zerbitzu hurbila, arduratsua eta kalitate handikoa eskaintzen dugu, Barakaldo eta inguruetan konfiantzazko enpresa gisa sendotuz.<\/p>\t\t\t\t\t\t\t\t<\/div>\n\t\t\t\t<\/div>\n\t\t\t\t\t<\/div>\n\t\t\t\t<\/div>\n\t\t<div class=\"elementor-element elementor-element-d3d4821 animated-slow e-flex e-con-boxed elementor-invisible e-con e-parent\" data-id=\"d3d4821\" data-element_type=\"container\" data-e-type=\"container\" data-settings=\"{&quot;animation&quot;:&quot;fadeIn&quot;}\">\n\t\t\t\t\t<div class=\"e-con-inner\">\n\t\t\t\t<div class=\"elementor-element elementor-element-5f52723 elementor-align-center elementor-widget elementor-widget-button\" data-id=\"5f52723\" data-element_type=\"widget\" data-e-type=\"widget\" data-widget_type=\"button.default\">\n\t\t\t\t\t\t\t\t\t\t<a class=\"elementor-button elementor-button-link elementor-size-sm\" href=\"https:\/\/lucidosbilbo.com\/eu\/servicios\/\">\n\t\t\t\t\t\t<span class=\"elementor-button-content-wrapper\">\n\t\t\t\t\t\t\t\t\t<span class=\"elementor-button-text\">Zerbitzuak<\/span>\n\t\t\t\t\t<\/span>\n\t\t\t\t\t<\/a>\n\t\t\t\t\t\t\t\t<\/div>\n\t\t\t\t\t<\/div>\n\t\t\t\t<\/div>\n\t\t<div class=\"elementor-element elementor-element-a00b25a animated-slow e-flex e-con-boxed elementor-invisible e-con e-parent\" data-id=\"a00b25a\" data-element_type=\"container\" data-e-type=\"container\" data-settings=\"{&quot;background_background&quot;:&quot;classic&quot;,&quot;animation&quot;:&quot;fadeIn&quot;}\">\n\t\t\t\t\t<div class=\"e-con-inner\">\n\t\t\t\t\t<\/div>\n\t\t\t\t<\/div>\n\t\t\t\t<\/div>","protected":false},"excerpt":{"rendered":"<p>A qu\u00e9 nos dedicamos: L\u00facidos y Pinturas Bilbo se especializa en tratamiento de juntas de pladur, alisado de paredes, eliminaci\u00f3n de gotel\u00e9 y pintura interior, ofreciendo acabados limpios, duraderos y est\u00e9ticamente cuidados para viviendas y locales comerciales. Nuestra historia: Fundada en 2023 en Barakaldo, L\u00facidos y Pinturas Bilbo nace con el objetivo de brindar acabados [&hellip;]<\/p>\n","protected":false},"author":1,"featured_media":0,"parent":0,"menu_order":0,"comment_status":"closed","ping_status":"closed","template":"","meta":{"footnotes":""},"class_list":["post-10","page","type-page","status-publish","hentry"],"yoast_head":"<!-- This site is optimized with the Yoast SEO plugin v27.3 - https:\/\/yoast.com\/product\/yoast-seo-wordpress\/ -->\n<title>Inicio - Pinturas y Lucidos Bilbo<\/title>\n<meta name=\"robots\" content=\"index, follow, max-snippet:-1, max-image-preview:large, max-video-preview:-1\" \/>\n<link rel=\"canonical\" href=\"https:\/\/lucidosbilbo.com\/eu\/\" \/>\n<meta property=\"og:locale\" content=\"en_US\" \/>\n<meta property=\"og:type\" content=\"article\" \/>\n<meta property=\"og:title\" content=\"Inicio - Pinturas y Lucidos Bilbo\" \/>\n<meta property=\"og:description\" content=\"A qu\u00e9 nos dedicamos: L\u00facidos y Pinturas Bilbo se especializa en tratamiento de juntas de pladur, alisado de paredes, eliminaci\u00f3n de gotel\u00e9 y pintura interior, ofreciendo acabados limpios, duraderos y est\u00e9ticamente cuidados para viviendas y locales comerciales. Nuestra historia: Fundada en 2023 en Barakaldo, L\u00facidos y Pinturas Bilbo nace con el objetivo de brindar acabados [&hellip;]\" \/>\n<meta property=\"og:url\" content=\"https:\/\/lucidosbilbo.com\/eu\/\" \/>\n<meta property=\"og:site_name\" content=\"Pinturas y Lucidos Bilbo\" \/>\n<meta property=\"article:modified_time\" content=\"2026-02-11T16:26:43+00:00\" \/>\n<meta name=\"twitter:card\" content=\"summary_large_image\" \/>\n<meta name=\"twitter:label1\" content=\"Est. reading time\" \/>\n\t<meta name=\"twitter:data1\" content=\"1 minutua\" \/>\n<script type=\"application\/ld+json\" class=\"yoast-schema-graph\">{\"@context\":\"https:\\\/\\\/schema.org\",\"@graph\":[{\"@type\":\"WebPage\",\"@id\":\"https:\\\/\\\/lucidosbilbo.com\\\/\",\"url\":\"https:\\\/\\\/lucidosbilbo.com\\\/\",\"name\":\"Inicio - Pinturas y Lucidos Bilbo\",\"isPartOf\":{\"@id\":\"https:\\\/\\\/lucidosbilbo.com\\\/#website\"},\"datePublished\":\"2026-02-10T17:54:34+00:00\",\"dateModified\":\"2026-02-11T16:26:43+00:00\",\"breadcrumb\":{\"@id\":\"https:\\\/\\\/lucidosbilbo.com\\\/#breadcrumb\"},\"inLanguage\":\"eu\",\"potentialAction\":[{\"@type\":\"ReadAction\",\"target\":[\"https:\\\/\\\/lucidosbilbo.com\\\/\"]}]},{\"@type\":\"BreadcrumbList\",\"@id\":\"https:\\\/\\\/lucidosbilbo.com\\\/#breadcrumb\",\"itemListElement\":[{\"@type\":\"ListItem\",\"position\":1,\"name\":\"Portada\",\"item\":\"https:\\\/\\\/lucidosbilbo.com\\\/\"},{\"@type\":\"ListItem\",\"position\":2,\"name\":\"Inicio\"}]},{\"@type\":\"WebSite\",\"@id\":\"https:\\\/\\\/lucidosbilbo.com\\\/#website\",\"url\":\"https:\\\/\\\/lucidosbilbo.com\\\/\",\"name\":\"Pinturas y Lucidos Bilbo\",\"description\":\"Pintura interior\",\"publisher\":{\"@id\":\"https:\\\/\\\/lucidosbilbo.com\\\/#organization\"},\"potentialAction\":[{\"@type\":\"SearchAction\",\"target\":{\"@type\":\"EntryPoint\",\"urlTemplate\":\"https:\\\/\\\/lucidosbilbo.com\\\/?s={search_term_string}\"},\"query-input\":{\"@type\":\"PropertyValueSpecification\",\"valueRequired\":true,\"valueName\":\"search_term_string\"}}],\"inLanguage\":\"eu\"},{\"@type\":\"Organization\",\"@id\":\"https:\\\/\\\/lucidosbilbo.com\\\/#organization\",\"name\":\"Pinturas y Lucidos Bilbo\",\"url\":\"https:\\\/\\\/lucidosbilbo.com\\\/\",\"logo\":{\"@type\":\"ImageObject\",\"inLanguage\":\"eu\",\"@id\":\"https:\\\/\\\/lucidosbilbo.com\\\/#\\\/schema\\\/logo\\\/image\\\/\",\"url\":\"https:\\\/\\\/lucidosbilbo.com\\\/wp-content\\\/uploads\\\/2026\\\/02\\\/cropped-lucidospinturasbilbo202601_logo_web.png\",\"contentUrl\":\"https:\\\/\\\/lucidosbilbo.com\\\/wp-content\\\/uploads\\\/2026\\\/02\\\/cropped-lucidospinturasbilbo202601_logo_web.png\",\"width\":2248,\"height\":1829,\"caption\":\"Pinturas y Lucidos Bilbo\"},\"image\":{\"@id\":\"https:\\\/\\\/lucidosbilbo.com\\\/#\\\/schema\\\/logo\\\/image\\\/\"}}]}<\/script>\n<!-- \/ Yoast SEO plugin. -->","yoast_head_json":{"title":"Inicio - Pinturas y Lucidos Bilbo","robots":{"index":"index","follow":"follow","max-snippet":"max-snippet:-1","max-image-preview":"max-image-preview:large","max-video-preview":"max-video-preview:-1"},"canonical":"https:\/\/lucidosbilbo.com\/eu\/","og_locale":"en_US","og_type":"article","og_title":"Inicio - Pinturas y Lucidos Bilbo","og_description":"A qu\u00e9 nos dedicamos: L\u00facidos y Pinturas Bilbo se especializa en tratamiento de juntas de pladur, alisado de paredes, eliminaci\u00f3n de gotel\u00e9 y pintura interior, ofreciendo acabados limpios, duraderos y est\u00e9ticamente cuidados para viviendas y locales comerciales. Nuestra historia: Fundada en 2023 en Barakaldo, L\u00facidos y Pinturas Bilbo nace con el objetivo de brindar acabados [&hellip;]","og_url":"https:\/\/lucidosbilbo.com\/eu\/","og_site_name":"Pinturas y Lucidos Bilbo","article_modified_time":"2026-02-11T16:26:43+00:00","twitter_card":"summary_large_image","twitter_misc":{"Est. reading time":"1 minutua"},"schema":{"@context":"https:\/\/schema.org","@graph":[{"@type":"WebPage","@id":"https:\/\/lucidosbilbo.com\/","url":"https:\/\/lucidosbilbo.com\/","name":"Inicio - Pinturas y Lucidos Bilbo","isPartOf":{"@id":"https:\/\/lucidosbilbo.com\/#website"},"datePublished":"2026-02-10T17:54:34+00:00","dateModified":"2026-02-11T16:26:43+00:00","breadcrumb":{"@id":"https:\/\/lucidosbilbo.com\/#breadcrumb"},"inLanguage":"eu","potentialAction":[{"@type":"ReadAction","target":["https:\/\/lucidosbilbo.com\/"]}]},{"@type":"BreadcrumbList","@id":"https:\/\/lucidosbilbo.com\/#breadcrumb","itemListElement":[{"@type":"ListItem","position":1,"name":"Portada","item":"https:\/\/lucidosbilbo.com\/"},{"@type":"ListItem","position":2,"name":"Inicio"}]},{"@type":"WebSite","@id":"https:\/\/lucidosbilbo.com\/#website","url":"https:\/\/lucidosbilbo.com\/","name":"Pinturas y Lucidos Bilbo","description":"Pintura interior","publisher":{"@id":"https:\/\/lucidosbilbo.com\/#organization"},"potentialAction":[{"@type":"SearchAction","target":{"@type":"EntryPoint","urlTemplate":"https:\/\/lucidosbilbo.com\/?s={search_term_string}"},"query-input":{"@type":"PropertyValueSpecification","valueRequired":true,"valueName":"search_term_string"}}],"inLanguage":"eu"},{"@type":"Organization","@id":"https:\/\/lucidosbilbo.com\/#organization","name":"Pinturas y Lucidos Bilbo","url":"https:\/\/lucidosbilbo.com\/","logo":{"@type":"ImageObject","inLanguage":"eu","@id":"https:\/\/lucidosbilbo.com\/#\/schema\/logo\/image\/","url":"https:\/\/lucidosbilbo.com\/wp-content\/uploads\/2026\/02\/cropped-lucidospinturasbilbo202601_logo_web.png","contentUrl":"https:\/\/lucidosbilbo.com\/wp-content\/uploads\/2026\/02\/cropped-lucidospinturasbilbo202601_logo_web.png","width":2248,"height":1829,"caption":"Pinturas y Lucidos Bilbo"},"image":{"@id":"https:\/\/lucidosbilbo.com\/#\/schema\/logo\/image\/"}}]}},"_links":{"self":[{"href":"https:\/\/lucidosbilbo.com\/eu\/wp-json\/wp\/v2\/pages\/10","targetHints":{"allow":["GET"]}}],"collection":[{"href":"https:\/\/lucidosbilbo.com\/eu\/wp-json\/wp\/v2\/pages"}],"about":[{"href":"https:\/\/lucidosbilbo.com\/eu\/wp-json\/wp\/v2\/types\/page"}],"author":[{"embeddable":true,"href":"https:\/\/lucidosbilbo.com\/eu\/wp-json\/wp\/v2\/users\/1"}],"replies":[{"embeddable":true,"href":"https:\/\/lucidosbilbo.com\/eu\/wp-json\/wp\/v2\/comments?post=10"}],"version-history":[{"count":52,"href":"https:\/\/lucidosbilbo.com\/eu\/wp-json\/wp\/v2\/pages\/10\/revisions"}],"predecessor-version":[{"id":164,"href":"https:\/\/lucidosbilbo.com\/eu\/wp-json\/wp\/v2\/pages\/10\/revisions\/164"}],"wp:attachment":[{"href":"https:\/\/lucidosbilbo.com\/eu\/wp-json\/wp\/v2\/media?parent=10"}],"curies":[{"name":"wp","href":"https:\/\/api.w.org\/{rel}","templated":true}]}}